{"id":9,"date":"2016-05-18T14:25:08","date_gmt":"2016-05-18T14:25:08","guid":{"rendered":"https:\/\/beautyfacegym.cl\/?page_id=9"},"modified":"2023-11-06T15:39:45","modified_gmt":"2023-11-06T15:39:45","slug":"servicios","status":"publish","type":"page","link":"https:\/\/beautyfacegym.cl\/index.php\/servicios\/","title":{"rendered":"SERVICIOS"},"content":{"rendered":"","protected":false},"excerpt":{"rendered":"","protected":false},"author":1,"featured_media":0,"parent":0,"menu_order":0,"comment_status":"open","ping_status":"closed","template":"","meta":{"footnotes":""},"class_list":["post-9","page","type-page","status-publish","hentry"],"yoast_head":"<!-- This site is optimized with the Yoast SEO plugin v21.1 - https:\/\/yoast.com\/wordpress\/plugins\/seo\/ -->\n<title>Beauty Face Gym - Nuestros Entrenamientos<\/title>\n<meta name=\"description\" content=\"Es un gimnasio facial, que busca ejercitar los m\u00fasculos faciales y cervicales, a trav\u00e9s de entrenamientos y rutinas...\" \/>\n<meta name=\"robots\" content=\"index, follow, max-snippet:-1, max-image-preview:large, max-video-preview:-1\" \/>\n<link rel=\"canonical\" href=\"https:\/\/beautyfacegym.cl\/index.php\/servicios\/\" \/>\n<meta property=\"og:locale\" content=\"es_ES\" \/>\n<meta property=\"og:type\" content=\"article\" \/>\n<meta property=\"og:title\" content=\"Beauty Face Gym - Nuestros Entrenamientos\" \/>\n<meta property=\"og:description\" content=\"Es un gimnasio facial, que busca ejercitar los m\u00fasculos faciales y cervicales, a trav\u00e9s de entrenamientos y rutinas...\" \/>\n<meta property=\"og:url\" content=\"https:\/\/beautyfacegym.cl\/index.php\/servicios\/\" \/>\n<meta property=\"og:site_name\" content=\"Beauty Face Gym\" \/>\n<meta property=\"article:modified_time\" content=\"2023-11-06T15:39:45+00:00\" \/>\n<meta name=\"twitter:card\" content=\"summary_large_image\" \/>\n<script type=\"application\/ld+json\" class=\"yoast-schema-graph\">{\"@context\":\"https:\/\/schema.org\",\"@graph\":[{\"@type\":\"WebPage\",\"@id\":\"https:\/\/beautyfacegym.cl\/index.php\/servicios\/\",\"url\":\"https:\/\/beautyfacegym.cl\/index.php\/servicios\/\",\"name\":\"Beauty Face Gym - Nuestros Entrenamientos\",\"isPartOf\":{\"@id\":\"https:\/\/beautyfacegym.cl\/#website\"},\"datePublished\":\"2016-05-18T14:25:08+00:00\",\"dateModified\":\"2023-11-06T15:39:45+00:00\",\"description\":\"Es un gimnasio facial, que busca ejercitar los m\u00fasculos faciales y cervicales, a trav\u00e9s de entrenamientos y rutinas...\",\"breadcrumb\":{\"@id\":\"https:\/\/beautyfacegym.cl\/index.php\/servicios\/#breadcrumb\"},\"inLanguage\":\"es\",\"potentialAction\":[{\"@type\":\"ReadAction\",\"target\":[\"https:\/\/beautyfacegym.cl\/index.php\/servicios\/\"]}]},{\"@type\":\"BreadcrumbList\",\"@id\":\"https:\/\/beautyfacegym.cl\/index.php\/servicios\/#breadcrumb\",\"itemListElement\":[{\"@type\":\"ListItem\",\"position\":1,\"name\":\"Portada\",\"item\":\"https:\/\/beautyfacegym.cl\/\"},{\"@type\":\"ListItem\",\"position\":2,\"name\":\"SERVICIOS\"}]},{\"@type\":\"WebSite\",\"@id\":\"https:\/\/beautyfacegym.cl\/#website\",\"url\":\"https:\/\/beautyfacegym.cl\/\",\"name\":\"Beauty Face Gym\",\"description\":\"Gimnasio facial es una t\u00e9cnica de ejercicios faciales dise\u00f1ados para tonificar y fortalecer los m\u00fasculos de la cara.\",\"publisher\":{\"@id\":\"https:\/\/beautyfacegym.cl\/#organization\"},\"alternateName\":\"Face Gym\",\"potentialAction\":[{\"@type\":\"SearchAction\",\"target\":{\"@type\":\"EntryPoint\",\"urlTemplate\":\"https:\/\/beautyfacegym.cl\/?s={search_term_string}\"},\"query-input\":\"required name=search_term_string\"}],\"inLanguage\":\"es\"},{\"@type\":\"Organization\",\"@id\":\"https:\/\/beautyfacegym.cl\/#organization\",\"name\":\"Beauty Face Gym\",\"url\":\"https:\/\/beautyfacegym.cl\/\",\"logo\":{\"@type\":\"ImageObject\",\"inLanguage\":\"es\",\"@id\":\"https:\/\/beautyfacegym.cl\/#\/schema\/logo\/image\/\",\"url\":\"https:\/\/beautyfacegym.cl\/wp-content\/uploads\/2023\/08\/Copia-de-logo-face-gym.png\",\"contentUrl\":\"https:\/\/beautyfacegym.cl\/wp-content\/uploads\/2023\/08\/Copia-de-logo-face-gym.png\",\"width\":150,\"height\":149,\"caption\":\"Beauty Face Gym\"},\"image\":{\"@id\":\"https:\/\/beautyfacegym.cl\/#\/schema\/logo\/image\/\"},\"sameAs\":[\"https:\/\/www.instagram.com\/beautyfacegym.cl\/\"]}]}<\/script>\n<!-- \/ Yoast SEO plugin. -->","yoast_head_json":{"title":"Beauty Face Gym - Nuestros Entrenamientos","description":"Es un gimnasio facial, que busca ejercitar los m\u00fasculos faciales y cervicales, a trav\u00e9s de entrenamientos y rutinas...","robots":{"index":"index","follow":"follow","max-snippet":"max-snippet:-1","max-image-preview":"max-image-preview:large","max-video-preview":"max-video-preview:-1"},"canonical":"https:\/\/beautyfacegym.cl\/index.php\/servicios\/","og_locale":"es_ES","og_type":"article","og_title":"Beauty Face Gym - Nuestros Entrenamientos","og_description":"Es un gimnasio facial, que busca ejercitar los m\u00fasculos faciales y cervicales, a trav\u00e9s de entrenamientos y rutinas...","og_url":"https:\/\/beautyfacegym.cl\/index.php\/servicios\/","og_site_name":"Beauty Face Gym","article_modified_time":"2023-11-06T15:39:45+00:00","twitter_card":"summary_large_image","schema":{"@context":"https:\/\/schema.org","@graph":[{"@type":"WebPage","@id":"https:\/\/beautyfacegym.cl\/index.php\/servicios\/","url":"https:\/\/beautyfacegym.cl\/index.php\/servicios\/","name":"Beauty Face Gym - Nuestros Entrenamientos","isPartOf":{"@id":"https:\/\/beautyfacegym.cl\/#website"},"datePublished":"2016-05-18T14:25:08+00:00","dateModified":"2023-11-06T15:39:45+00:00","description":"Es un gimnasio facial, que busca ejercitar los m\u00fasculos faciales y cervicales, a trav\u00e9s de entrenamientos y rutinas...","breadcrumb":{"@id":"https:\/\/beautyfacegym.cl\/index.php\/servicios\/#breadcrumb"},"inLanguage":"es","potentialAction":[{"@type":"ReadAction","target":["https:\/\/beautyfacegym.cl\/index.php\/servicios\/"]}]},{"@type":"BreadcrumbList","@id":"https:\/\/beautyfacegym.cl\/index.php\/servicios\/#breadcrumb","itemListElement":[{"@type":"ListItem","position":1,"name":"Portada","item":"https:\/\/beautyfacegym.cl\/"},{"@type":"ListItem","position":2,"name":"SERVICIOS"}]},{"@type":"WebSite","@id":"https:\/\/beautyfacegym.cl\/#website","url":"https:\/\/beautyfacegym.cl\/","name":"Beauty Face Gym","description":"Gimnasio facial es una t\u00e9cnica de ejercicios faciales dise\u00f1ados para tonificar y fortalecer los m\u00fasculos de la cara.","publisher":{"@id":"https:\/\/beautyfacegym.cl\/#organization"},"alternateName":"Face Gym","potentialAction":[{"@type":"SearchAction","target":{"@type":"EntryPoint","urlTemplate":"https:\/\/beautyfacegym.cl\/?s={search_term_string}"},"query-input":"required name=search_term_string"}],"inLanguage":"es"},{"@type":"Organization","@id":"https:\/\/beautyfacegym.cl\/#organization","name":"Beauty Face Gym","url":"https:\/\/beautyfacegym.cl\/","logo":{"@type":"ImageObject","inLanguage":"es","@id":"https:\/\/beautyfacegym.cl\/#\/schema\/logo\/image\/","url":"https:\/\/beautyfacegym.cl\/wp-content\/uploads\/2023\/08\/Copia-de-logo-face-gym.png","contentUrl":"https:\/\/beautyfacegym.cl\/wp-content\/uploads\/2023\/08\/Copia-de-logo-face-gym.png","width":150,"height":149,"caption":"Beauty Face Gym"},"image":{"@id":"https:\/\/beautyfacegym.cl\/#\/schema\/logo\/image\/"},"sameAs":["https:\/\/www.instagram.com\/beautyfacegym.cl\/"]}]}},"_links":{"self":[{"href":"https:\/\/beautyfacegym.cl\/index.php\/wp-json\/wp\/v2\/pages\/9","targetHints":{"allow":["GET"]}}],"collection":[{"href":"https:\/\/beautyfacegym.cl\/index.php\/wp-json\/wp\/v2\/pages"}],"about":[{"href":"https:\/\/beautyfacegym.cl\/index.php\/wp-json\/wp\/v2\/types\/page"}],"author":[{"embeddable":true,"href":"https:\/\/beautyfacegym.cl\/index.php\/wp-json\/wp\/v2\/users\/1"}],"replies":[{"embeddable":true,"href":"https:\/\/beautyfacegym.cl\/index.php\/wp-json\/wp\/v2\/comments?post=9"}],"version-history":[{"count":1,"href":"https:\/\/beautyfacegym.cl\/index.php\/wp-json\/wp\/v2\/pages\/9\/revisions"}],"predecessor-version":[{"id":100,"href":"https:\/\/beautyfacegym.cl\/index.php\/wp-json\/wp\/v2\/pages\/9\/revisions\/100"}],"wp:attachment":[{"href":"https:\/\/beautyfacegym.cl\/index.php\/wp-json\/wp\/v2\/media?parent=9"}],"curies":[{"name":"wp","href":"https:\/\/api.w.org\/{rel}","templated":true}]}}